{"id":96,"date":"2019-07-30T23:10:18","date_gmt":"2019-07-30T21:10:18","guid":{"rendered":"http:\/\/cj-shiatsu.edvariables.ovh\/?page_id=96"},"modified":"2021-03-13T16:44:50","modified_gmt":"2021-03-13T15:44:50","slug":"shiatsu-humain","status":"publish","type":"page","link":"https:\/\/www.shiatsu-equin-humain.fr\/index.php\/shiatsu-humain\/","title":{"rendered":"Shiatsu humain"},"content":{"rendered":"\n<p><\/p>\n\n\n\n<p>Form\u00e9e par Marie-Line et Marie Julliant en shiatsu humain, je propose mes services \u00e0 domicile (Ard\u00e8che, Dr\u00f4me, Rh\u00f4ne, Is\u00e8re et Loire) ou chez nous, \u00e0 Saint-F\u00e9licien, pendant la p\u00e9riode d&rsquo;ouverture de notre <a href=\"https:\/\/etapecavalieredubalayn.fr\">chambre d&rsquo;h\u00f4tes<\/a>.<\/p>\n\n\n\n<p>Le shiatsu c&rsquo;est : <br>\u2022 un temps pour se poser et un temps pour soi,<br>\u2022 une m\u00e9thode de relaxation profonde,<br>\u2022 une m\u00e9thode de r\u00e9\u00e9quilibrage physique et psychique,<br>\u2022 une sensation de bien-\u00eatre et d\u2019harmonie profonde.<\/p>\n\n\n\n<p>Durant la s\u00e9ance, le patient rel\u00e2che les tensions physiques et mentales. Il entre souvent dans une sorte de demi-sommeil et de bien-\u00eatre permettant au corps de retrouver une certaine fluidit\u00e9 et unit\u00e9, \u00e9tape essentielle sur le chemin de la sant\u00e9. <\/p>\n\n\n\n<p>Le shiatsu intervient en pr\u00e9ventif (il stimule les d\u00e9fenses naturelles du corps et l&rsquo;aide \u00e0 se maintenir en bonne sant\u00e9), en r\u00e9\u00e9quilibrage \u00e9nerg\u00e9tique, en soulageant des troubles, en r\u00e9duisant le stress ou l&rsquo;addiction au tabac&#8230; <br><br>L&rsquo;OMS le recommande pour ses bienfaits sur notre sant\u00e9 et les s\u00e9ances de shiatsu sont prises en charge par les instances de sant\u00e9 dans la plupart des pays de l&rsquo;Union europ\u00e9enne.<br>En France, le shiatsu fait partie des m\u00e9decines douces ou m\u00e9decines alternatives compl\u00e9mentaires (MAC). Les s\u00e9ances sont rembours\u00e9es par certaines mutuelles. Renseignez-vous pour savoir si la v\u00f4tre le permet !<\/p>\n\n\n\n<p>A noter,  que mon shiatsu ne convient ni aux femmes enceintes ni aux personnes atteintes de cancer.<\/p>\n\n\n\n<figure class=\"wp-block-image size-large is-style-default\"><img loading=\"lazy\" decoding=\"async\" width=\"761\" height=\"1024\" src=\"https:\/\/www.shiatsu-equin-humain.fr\/wp-content\/uploads\/2020\/06\/20200512_200356-1-761x1024.jpg\" alt=\"\" class=\"wp-image-202\" srcset=\"https:\/\/www.shiatsu-equin-humain.fr\/wp-content\/uploads\/2020\/06\/20200512_200356-1-761x1024.jpg 761w, https:\/\/www.shiatsu-equin-humain.fr\/wp-content\/uploads\/2020\/06\/20200512_200356-1-223x300.jpg 223w, https:\/\/www.shiatsu-equin-humain.fr\/wp-content\/uploads\/2020\/06\/20200512_200356-1-768x1033.jpg 768w, https:\/\/www.shiatsu-equin-humain.fr\/wp-content\/uploads\/2020\/06\/20200512_200356-1-1142x1536.jpg 1142w, https:\/\/www.shiatsu-equin-humain.fr\/wp-content\/uploads\/2020\/06\/20200512_200356-1-1523x2048.jpg 1523w, https:\/\/www.shiatsu-equin-humain.fr\/wp-content\/uploads\/2020\/06\/20200512_200356-1-scaled.jpg 1904w\" sizes=\"auto, (max-width: 706px) 89vw, (max-width: 767px) 82vw, 740px\" \/><\/figure>\n","protected":false},"excerpt":{"rendered":"<p>Form\u00e9e par Marie-Line et Marie Julliant en shiatsu humain, je propose mes services \u00e0 domicile (Ard\u00e8che, Dr\u00f4me, Rh\u00f4ne, Is\u00e8re et Loire) ou chez nous, \u00e0 Saint-F\u00e9licien, pendant la p\u00e9riode d&rsquo;ouverture de notre chambre d&rsquo;h\u00f4tes. Le shiatsu c&rsquo;est : \u2022 un temps pour se poser et un temps pour soi,\u2022 une m\u00e9thode de relaxation profonde,\u2022 une &hellip; <\/p>\n<p class=\"link-more\"><a href=\"https:\/\/www.shiatsu-equin-humain.fr\/index.php\/shiatsu-humain\/\" class=\"more-link\">Continuer la lecture<span class=\"screen-reader-text\"> de &laquo;&nbsp;Shiatsu humain&nbsp;&raquo;<\/span><\/a><\/p>\n","protected":false},"author":2,"featured_media":0,"parent":0,"menu_order":0,"comment_status":"closed","ping_status":"closed","template":"","meta":{"footnotes":""},"class_list":["post-96","page","type-page","status-publish","hentry"],"_links":{"self":[{"href":"https:\/\/www.shiatsu-equin-humain.fr\/index.php\/wp-json\/wp\/v2\/pages\/96","targetHints":{"allow":["GET"]}}],"collection":[{"href":"https:\/\/www.shiatsu-equin-humain.fr\/index.php\/wp-json\/wp\/v2\/pages"}],"about":[{"href":"https:\/\/www.shiatsu-equin-humain.fr\/index.php\/wp-json\/wp\/v2\/types\/page"}],"author":[{"embeddable":true,"href":"https:\/\/www.shiatsu-equin-humain.fr\/index.php\/wp-json\/wp\/v2\/users\/2"}],"replies":[{"embeddable":true,"href":"https:\/\/www.shiatsu-equin-humain.fr\/index.php\/wp-json\/wp\/v2\/comments?post=96"}],"version-history":[{"count":9,"href":"https:\/\/www.shiatsu-equin-humain.fr\/index.php\/wp-json\/wp\/v2\/pages\/96\/revisions"}],"predecessor-version":[{"id":386,"href":"https:\/\/www.shiatsu-equin-humain.fr\/index.php\/wp-json\/wp\/v2\/pages\/96\/revisions\/386"}],"wp:attachment":[{"href":"https:\/\/www.shiatsu-equin-humain.fr\/index.php\/wp-json\/wp\/v2\/media?parent=96"}],"curies":[{"name":"wp","href":"https:\/\/api.w.org\/{rel}","templated":true}]}}