{"id":60,"date":"2019-07-30T20:20:31","date_gmt":"2019-07-30T18:20:31","guid":{"rendered":"http:\/\/cj-shiatsu.edvariables.ovh\/?page_id=60"},"modified":"2021-06-28T16:09:03","modified_gmt":"2021-06-28T14:09:03","slug":"deroulement-dune-seance-shiatsu","status":"publish","type":"page","link":"https:\/\/www.shiatsu-equin-humain.fr\/index.php\/deroulement-dune-seance-shiatsu\/","title":{"rendered":"D\u00e9roulement d&rsquo;une s\u00e9ance"},"content":{"rendered":"\n<figure class=\"wp-block-image\"><img loading=\"lazy\" decoding=\"async\" width=\"1024\" height=\"683\" src=\"https:\/\/www.shiatsu-equin-humain.fr\/wp-content\/uploads\/2019\/08\/IMG_5899-1024x683.jpg\" alt=\"\" class=\"wp-image-160\" srcset=\"https:\/\/www.shiatsu-equin-humain.fr\/wp-content\/uploads\/2019\/08\/IMG_5899-1024x683.jpg 1024w, https:\/\/www.shiatsu-equin-humain.fr\/wp-content\/uploads\/2019\/08\/IMG_5899-300x200.jpg 300w, https:\/\/www.shiatsu-equin-humain.fr\/wp-content\/uploads\/2019\/08\/IMG_5899-768x512.jpg 768w\" sizes=\"auto, (max-width: 706px) 89vw, (max-width: 767px) 82vw, 740px\" \/><\/figure>\n\n\n\n<h4 class=\"wp-block-heading\">D\u00e9roulement s\u00e9ance shiatsu <a href=\"https:\/\/www.shiatsu-equin-humain.fr\/index.php\/le-shiatsu\/\">\u00e9quin<\/a> <\/h4>\n\n\n\n<p>La s\u00e9ance dure \u00e0 peu pr\u00e8s 1h15. Elle va d\u00e9buter par un \u00e9change \u00e0 propos du cheval : vie sociale, alimentation, activit\u00e9s, soins prodigu\u00e9s, ant\u00e9c\u00e9dents v\u00e9t\u00e9rinaires, comportement, \u00e9ventuel traitement en cours&#8230;<br><br>Ensuite, une observation visuelle me permettra de caract\u00e9riser le cheval et de d\u00e9tecter d&rsquo;\u00e9ventuels dysfonctionnements \u00e9nerg\u00e9tiques. \u00c9vitez donc de brosser de votre animal avant la s\u00e9ance. <br>Enfin, le travail par le toucher commencera. Palpations, pressions, rotations, massages sont autant d&rsquo;outils au service du r\u00e9\u00e9quilibrage \u00e9nerg\u00e9tique du cheval. <br>Un travail de moxibustion (stimulation d&rsquo;un point d&rsquo;\u00e9nergie par la chaleur) pourra cl\u00f4turer la s\u00e9ance.<br>Je peux \u00eatre amen\u00e9e \u00e0 vous indiquer quelques points d&rsquo;\u00e9nergie que vous pourrez masser dans les jours qui suivront et ainsi que des <a href=\"https:\/\/www.mesfleursdebach.com\/\">\u00e9lixirs floraux<\/a> pour la sph\u00e8re \u00e9motionnelle.<br> <br>Apr\u00e8s la s\u00e9ance, il est indiqu\u00e9 de ne pas travailler le cheval pendant 24 \u00e0 48h.  <\/p>\n\n\n\n<p><strong>Contre-indications<\/strong><br>&#8211; Traitement anti-inflammatoire, <br>&#8211; Maladies infectieuses,<br>&#8211; Fractures ou interventions chirurgicales r\u00e9centes,<br>&#8211; Fi\u00e8vre,<br>&#8211; Jument gestante,  <br>&#8211; Poulains et chevaux \u00e2g\u00e9s (s\u00e9ance \u00e9court\u00e9e ou adapt\u00e9e),<br>&#8211; Chevaux pas en \u00e9tat, avec m\u00e9lanomes (s\u00e9ance adapt\u00e9e).<\/p>\n\n\n\n<h4 class=\"wp-block-heading\">D\u00e9roulement s\u00e9ance shiatsu <a href=\"https:\/\/www.shiatsu-equin-humain.fr\/index.php\/shiatsu-humain\/\">humain<\/a><\/h4>\n\n\n\n<p>La s\u00e9ance de shiatsu humain dure \u00e9galement 1h &#8211; 1h15.<br>Elle se r\u00e9alise au sol, sur mon futon ou sur une couverture \u00e9paisse.<br>Vous \u00eates habill\u00e9 (tenue souple et chaussettes). <br>De la m\u00eame mani\u00e8re que pour le cheval,  je vous remercie de m&rsquo;indiquer tout probl\u00e8me de sant\u00e9 (fi\u00e8vre, traitement anti-inflammatoire, cancer, &#8230;) ou grossesse.<br><br>Vous \u00eates invit\u00e9s \u00e0 pr\u00e9voir un temps de repos apr\u00e8s la s\u00e9ance. <br><br><\/p>\n","protected":false},"excerpt":{"rendered":"<p>D\u00e9roulement s\u00e9ance shiatsu \u00e9quin La s\u00e9ance dure \u00e0 peu pr\u00e8s 1h15. Elle va d\u00e9buter par un \u00e9change \u00e0 propos du cheval : vie sociale, alimentation, activit\u00e9s, soins prodigu\u00e9s, ant\u00e9c\u00e9dents v\u00e9t\u00e9rinaires, comportement, \u00e9ventuel traitement en cours&#8230; Ensuite, une observation visuelle me permettra de caract\u00e9riser le cheval et de d\u00e9tecter d&rsquo;\u00e9ventuels dysfonctionnements \u00e9nerg\u00e9tiques. \u00c9vitez donc de brosser &hellip; <\/p>\n<p class=\"link-more\"><a href=\"https:\/\/www.shiatsu-equin-humain.fr\/index.php\/deroulement-dune-seance-shiatsu\/\" class=\"more-link\">Continuer la lecture<span class=\"screen-reader-text\"> de &laquo;&nbsp;D\u00e9roulement d&rsquo;une s\u00e9ance&nbsp;&raquo;<\/span><\/a><\/p>\n","protected":false},"author":1,"featured_media":0,"parent":0,"menu_order":0,"comment_status":"closed","ping_status":"closed","template":"","meta":{"footnotes":""},"class_list":["post-60","page","type-page","status-publish","hentry"],"_links":{"self":[{"href":"https:\/\/www.shiatsu-equin-humain.fr\/index.php\/wp-json\/wp\/v2\/pages\/60","targetHints":{"allow":["GET"]}}],"collection":[{"href":"https:\/\/www.shiatsu-equin-humain.fr\/index.php\/wp-json\/wp\/v2\/pages"}],"about":[{"href":"https:\/\/www.shiatsu-equin-humain.fr\/index.php\/wp-json\/wp\/v2\/types\/page"}],"author":[{"embeddable":true,"href":"https:\/\/www.shiatsu-equin-humain.fr\/index.php\/wp-json\/wp\/v2\/users\/1"}],"replies":[{"embeddable":true,"href":"https:\/\/www.shiatsu-equin-humain.fr\/index.php\/wp-json\/wp\/v2\/comments?post=60"}],"version-history":[{"count":16,"href":"https:\/\/www.shiatsu-equin-humain.fr\/index.php\/wp-json\/wp\/v2\/pages\/60\/revisions"}],"predecessor-version":[{"id":500,"href":"https:\/\/www.shiatsu-equin-humain.fr\/index.php\/wp-json\/wp\/v2\/pages\/60\/revisions\/500"}],"wp:attachment":[{"href":"https:\/\/www.shiatsu-equin-humain.fr\/index.php\/wp-json\/wp\/v2\/media?parent=60"}],"curies":[{"name":"wp","href":"https:\/\/api.w.org\/{rel}","templated":true}]}}