{"id":22,"date":"2019-07-30T17:14:11","date_gmt":"2019-07-30T15:14:11","guid":{"rendered":"http:\/\/cj-shiatsu.edvariables.ovh\/?page_id=22"},"modified":"2022-10-01T08:21:28","modified_gmt":"2022-10-01T06:21:28","slug":"tarifs","status":"publish","type":"page","link":"https:\/\/www.shiatsu-equin-humain.fr\/index.php\/tarifs\/","title":{"rendered":"Tarifs"},"content":{"rendered":"\n<figure class=\"wp-block-gallery columns-1 is-cropped wp-block-gallery-1 is-layout-flex wp-block-gallery-is-layout-flex\"><ul class=\"blocks-gallery-grid\"><li class=\"blocks-gallery-item\"><figure><img loading=\"lazy\" decoding=\"async\" width=\"1024\" height=\"761\" src=\"https:\/\/www.shiatsu-equin-humain.fr\/wp-content\/uploads\/2019\/08\/Sans-titre-1-1024x761.jpg\" alt=\"\" data-id=\"179\" data-link=\"https:\/\/www.shiatsu-equin-humain.fr\/index.php\/tarifs\/sans-titre-1\/\" class=\"wp-image-179\" srcset=\"https:\/\/www.shiatsu-equin-humain.fr\/wp-content\/uploads\/2019\/08\/Sans-titre-1-1024x761.jpg 1024w, https:\/\/www.shiatsu-equin-humain.fr\/wp-content\/uploads\/2019\/08\/Sans-titre-1-300x223.jpg 300w, https:\/\/www.shiatsu-equin-humain.fr\/wp-content\/uploads\/2019\/08\/Sans-titre-1-768x571.jpg 768w, https:\/\/www.shiatsu-equin-humain.fr\/wp-content\/uploads\/2019\/08\/Sans-titre-1.jpg 2004w\" sizes=\"auto, (max-width: 706px) 89vw, (max-width: 767px) 82vw, 740px\" \/><\/figure><\/li><\/ul><\/figure>\n\n\n\n<p><strong>S\u00e9ance shiatsu humain<\/strong> : 45\u20ac<br>En fonction du besoin et du trouble, nous pouvons imaginer ensemble plusieurs s\u00e9ances successives (ex : protocole pour arr\u00eater de fumer). Dans ce cas, possibilit\u00e9 d&rsquo;envisager un tarif d\u00e9gressif.<br><strong>Forfait annuel aux changements de saison<\/strong> : 4 s\u00e9ances 175\u20ac<br>&#8230;&#8230;&#8230;&#8230;&#8230;&#8230;&#8230;&#8230;&#8230;&#8230;&#8230;&#8230;&#8230;&#8230;&#8230;&#8230;&#8230;&#8230;&#8230;<br><br><strong>S\u00e9ance shiatsu cheval<\/strong> : 50\u20ac<br><strong>Cheval de club<\/strong> : me contacter<br><br>Le shiatsu vise \u00e0 entretenir l&rsquo;\u00e9quilibre \u00e9nerg\u00e9tique du cheval. Dans l&rsquo;id\u00e9al,  il est conseill\u00e9 de le faire voir \u00e0 un praticien 4 fois par an aux changements de saison. Je propose donc un tarif pour 4 s\u00e9ances \/ an \/ cheval.<br><strong>4 s\u00e9ances \/ an \/ cheval <\/strong>: 180\u20ac <br>&#8230;&#8230;&#8230;&#8230;&#8230;&#8230;&#8230;&#8230;&#8230;&#8230;&#8230;&#8230;&#8230;&#8230;&#8230;&#8230;&#8230;&#8230;&#8230;&#8230;..<br><br><strong>S\u00e9ance shiatsu cheval + cavalier<\/strong> : 80 \u20ac<br>&#8230;&#8230;&#8230;&#8230;&#8230;&#8230;&#8230;&#8230;&#8230;&#8230;&#8230;&#8230;&#8230;&#8230;&#8230;&#8230;&#8230;&#8230;&#8230;&#8230;&#8230;..<br> <br><strong>Frais de d\u00e9placement<\/strong> : au-del\u00e0 de 30 km. <br>Tarif sp\u00e9cial si d\u00e9placement pour plusieurs personnes\/chevaux. <\/p>\n\n\n\n<p> &#8230;&#8230;&#8230;&#8230;&#8230;&#8230;&#8230;&#8230;&#8230;&#8230;&#8230;&#8230;&#8230;&#8230;&#8230;&#8230;&#8230;&#8230;&#8230;&#8230;&#8230;.. <\/p>\n\n\n\n<p><strong>S\u00e9ance Fleurs de Bach cheval<\/strong> : 40\u20ac <br><strong>S\u00e9ance Shiatsu cheval + Fleurs de Bach<\/strong> : 70 \u20ac<br><strong>S\u00e9ance shiatsu cheval + cavalier + Fleurs de Bach couple<\/strong> : 110\u20ac<\/p>\n","protected":false},"excerpt":{"rendered":"<p>S\u00e9ance shiatsu humain : 45\u20acEn fonction du besoin et du trouble, nous pouvons imaginer ensemble plusieurs s\u00e9ances successives (ex : protocole pour arr\u00eater de fumer). Dans ce cas, possibilit\u00e9 d&rsquo;envisager un tarif d\u00e9gressif.Forfait annuel aux changements de saison : 4 s\u00e9ances 175\u20ac&#8230;&#8230;&#8230;&#8230;&#8230;&#8230;&#8230;&#8230;&#8230;&#8230;&#8230;&#8230;&#8230;&#8230;&#8230;&#8230;&#8230;&#8230;&#8230; S\u00e9ance shiatsu cheval : 50\u20acCheval de club : me contacter Le shiatsu vise &hellip; <\/p>\n<p class=\"link-more\"><a href=\"https:\/\/www.shiatsu-equin-humain.fr\/index.php\/tarifs\/\" class=\"more-link\">Continuer la lecture<span class=\"screen-reader-text\"> de &laquo;&nbsp;Tarifs&nbsp;&raquo;<\/span><\/a><\/p>\n","protected":false},"author":1,"featured_media":0,"parent":0,"menu_order":0,"comment_status":"closed","ping_status":"closed","template":"","meta":{"footnotes":""},"class_list":["post-22","page","type-page","status-publish","hentry"],"_links":{"self":[{"href":"https:\/\/www.shiatsu-equin-humain.fr\/index.php\/wp-json\/wp\/v2\/pages\/22","targetHints":{"allow":["GET"]}}],"collection":[{"href":"https:\/\/www.shiatsu-equin-humain.fr\/index.php\/wp-json\/wp\/v2\/pages"}],"about":[{"href":"https:\/\/www.shiatsu-equin-humain.fr\/index.php\/wp-json\/wp\/v2\/types\/page"}],"author":[{"embeddable":true,"href":"https:\/\/www.shiatsu-equin-humain.fr\/index.php\/wp-json\/wp\/v2\/users\/1"}],"replies":[{"embeddable":true,"href":"https:\/\/www.shiatsu-equin-humain.fr\/index.php\/wp-json\/wp\/v2\/comments?post=22"}],"version-history":[{"count":12,"href":"https:\/\/www.shiatsu-equin-humain.fr\/index.php\/wp-json\/wp\/v2\/pages\/22\/revisions"}],"predecessor-version":[{"id":613,"href":"https:\/\/www.shiatsu-equin-humain.fr\/index.php\/wp-json\/wp\/v2\/pages\/22\/revisions\/613"}],"wp:attachment":[{"href":"https:\/\/www.shiatsu-equin-humain.fr\/index.php\/wp-json\/wp\/v2\/media?parent=22"}],"curies":[{"name":"wp","href":"https:\/\/api.w.org\/{rel}","templated":true}]}}