{"id":10,"date":"2019-07-30T17:14:11","date_gmt":"2019-07-30T15:14:11","guid":{"rendered":"http:\/\/cj-shiatsu.edvariables.ovh\/?page_id=10"},"modified":"2021-06-28T15:57:33","modified_gmt":"2021-06-28T13:57:33","slug":"contact-camille-jaubert-shiatsu","status":"publish","type":"page","link":"https:\/\/www.shiatsu-equin-humain.fr\/index.php\/contact-camille-jaubert-shiatsu\/","title":{"rendered":"Contact et situation"},"content":{"rendered":"<p><strong>Consultations shiatsu <a href=\"https:\/\/www.shiatsu-equin-humain.fr\/index.php\/le-shiatsu\/\">cheval<\/a> et <a href=\"https:\/\/www.shiatsu-equin-humain.fr\/index.php\/shiatsu-humain\/\">humain<\/a> :<\/strong> <br \/>&#8211; \u00e0 domicile, dans la zone color\u00e9e (Ard\u00e8che, Dr\u00f4me, Rh\u00f4ne, Loire, Is\u00e8re). Je me d\u00e9place ainsi tr\u00e8s r\u00e9guli\u00e8rement \u00e0 Lyon, dans l&rsquo;ouest Lyonnais et dans le Pilat.<br \/>&#8211; sur place, dans le cadre de votre s\u00e9jour dans notre chambre d&rsquo;h\u00f4te : l&rsquo;<a href=\"http:\/\/etapecavalieredubalayn.fr\/\">\u00e9tape cavali\u00e8re du Balayn<\/a> \u00e0 Saint-F\u00e9licien, en Ard\u00e8che verte et dans certaines conditions pour le cheval (repos, transport le surlendemain a minima).<\/p>\n\n\n<p><strong>Pour prendre rendez-vous, ou simplement pour poser vos questions\u2026 <\/strong><br>Camille Jaubert<br>415 route de Balayn<br>07410 Saint-F\u00e9licien<br><br>T. 06 64 93 17 28<br><a href=\"mailto:camille.jaubert-shiatsu@lilo.org\">camille.jaubert-shiatsu@lilo.org<\/a><strong><a href=\"mailto:camille.jaubert-shiatsu@lilo.org\"> <\/a><\/strong><br><br><\/p>\n","protected":false},"excerpt":{"rendered":"<p>Consultations shiatsu cheval et humain : &#8211; \u00e0 domicile, dans la zone color\u00e9e (Ard\u00e8che, Dr\u00f4me, Rh\u00f4ne, Loire, Is\u00e8re). Je me d\u00e9place ainsi tr\u00e8s r\u00e9guli\u00e8rement \u00e0 Lyon, dans l&rsquo;ouest Lyonnais et dans le Pilat.&#8211; sur place, dans le cadre de votre s\u00e9jour dans notre chambre d&rsquo;h\u00f4te : l&rsquo;\u00e9tape cavali\u00e8re du Balayn \u00e0 Saint-F\u00e9licien, en Ard\u00e8che verte &hellip; <\/p>\n<p class=\"link-more\"><a href=\"https:\/\/www.shiatsu-equin-humain.fr\/index.php\/contact-camille-jaubert-shiatsu\/\" class=\"more-link\">Continuer la lecture<span class=\"screen-reader-text\"> de &laquo;&nbsp;Contact et situation&nbsp;&raquo;<\/span><\/a><\/p>\n","protected":false},"author":1,"featured_media":130,"parent":0,"menu_order":0,"comment_status":"closed","ping_status":"closed","template":"","meta":{"footnotes":""},"class_list":["post-10","page","type-page","status-publish","has-post-thumbnail","hentry"],"_links":{"self":[{"href":"https:\/\/www.shiatsu-equin-humain.fr\/index.php\/wp-json\/wp\/v2\/pages\/10","targetHints":{"allow":["GET"]}}],"collection":[{"href":"https:\/\/www.shiatsu-equin-humain.fr\/index.php\/wp-json\/wp\/v2\/pages"}],"about":[{"href":"https:\/\/www.shiatsu-equin-humain.fr\/index.php\/wp-json\/wp\/v2\/types\/page"}],"author":[{"embeddable":true,"href":"https:\/\/www.shiatsu-equin-humain.fr\/index.php\/wp-json\/wp\/v2\/users\/1"}],"replies":[{"embeddable":true,"href":"https:\/\/www.shiatsu-equin-humain.fr\/index.php\/wp-json\/wp\/v2\/comments?post=10"}],"version-history":[{"count":14,"href":"https:\/\/www.shiatsu-equin-humain.fr\/index.php\/wp-json\/wp\/v2\/pages\/10\/revisions"}],"predecessor-version":[{"id":498,"href":"https:\/\/www.shiatsu-equin-humain.fr\/index.php\/wp-json\/wp\/v2\/pages\/10\/revisions\/498"}],"wp:featuredmedia":[{"embeddable":true,"href":"https:\/\/www.shiatsu-equin-humain.fr\/index.php\/wp-json\/wp\/v2\/media\/130"}],"wp:attachment":[{"href":"https:\/\/www.shiatsu-equin-humain.fr\/index.php\/wp-json\/wp\/v2\/media?parent=10"}],"curies":[{"name":"wp","href":"https:\/\/api.w.org\/{rel}","templated":true}]}}